{"id":328,"date":"2021-09-23T09:20:12","date_gmt":"2021-09-23T07:20:12","guid":{"rendered":"http:\/\/prix-climat.ch.decimus.sui-inter.net\/?page_id=328"},"modified":"2024-11-14T21:19:18","modified_gmt":"2024-11-14T20:19:18","slug":"datenschutz","status":"publish","type":"page","link":"https:\/\/www.prixclimat.ch\/fr\/datenschutz\/","title":{"rendered":"Politique de confidentialit\u00e9"},"content":{"rendered":"<p>La protection de votre vie priv\u00e9e et donc l\u2019utilisation responsable des donn\u00e9es que vous nous fournissez lors de l\u2019inscription \u00e0 des newsletters, de la participation \u00e0 des campagnes \u00e9lectroniques, des campagnes ou par le biais de dons est tr\u00e8s important pour nous. Nous nous engageons \u00e0 prot\u00e9ger les donn\u00e9es collect\u00e9es de la meilleure fa\u00e7on possible.<\/p>\n<p>Cette politique de confidentialit\u00e9 s\u2019applique \u00e0 tous les sites exploit\u00e9s du R\u00e9seau Climat &amp; Agriculture, ainsi qu\u2019au traitement des donn\u00e9es hors ligne. Cette page montre les moyens par lesquels le R\u00e9seau Climat &amp; Agriculture traite les donn\u00e9es \u00e0 des fins d\u2019am\u00e9lioration de la qualit\u00e9 et de marketing. Pour que nos services soient pertinents pour vous et soient utilis\u00e9s efficacement, nous devons \u00e9galement recueillir certaines donn\u00e9es personnelles. C\u2019est la seule fa\u00e7on pour nous d\u2019adapter et d\u2019\u00e9tendre en permanence nos campagnes et nos services \u00e0 vos besoins. Les dispositions l\u00e9gales en mati\u00e8re de protection des donn\u00e9es sont respect\u00e9es \u00e0 tout moment.<\/p>\n<p>Lorsque nous nous r\u00e9f\u00e9rons \u00e0 des sites que nous ne g\u00e9rons pas nous-m\u00eames, des politiques de confidentialit\u00e9 diff\u00e9rentes s\u2019appliquent. Nous vous conseillons donc de lire leurs politiques de confidentialit\u00e9 respectives lorsque vous visitez ces sites.<\/p>\n<p>En raison de l\u2019am\u00e9lioration des processus internes d\u2019association ou de changements dans la loi, il peut s\u2019av\u00e9rer n\u00e9cessaire d\u2019adapter notre politique de protection des donn\u00e9es.<\/p>\n<p>Donn\u00e9es personnelles<br \/>\nSi vous vous abonnez \u00e0 une newsletter du R\u00e9seau Climat &amp; Agriculture, vous participez \u00e0 une action ou une campagne, ou si vous soutenez financi\u00e8rement le R\u00e9seau Climat &amp; Agriculture, vous nous fournissez des donn\u00e9es personnelles. Ces donn\u00e9es seront compar\u00e9es avec la base de donn\u00e9es d\u2019adresses existante et stock\u00e9es \u00e9lectroniquement. Elles seront utilis\u00e9es exclusivement aux fins du R\u00e9seau Climat &amp; Agriculture. Vos donn\u00e9es ne seront ni vendues, ni lou\u00e9es, ni transmises \u00e0 des tiers par le R\u00e9seau Climat &amp; Agriculture, \u00e0 quelque fin que ce soit et \u00e0 aucun moment. Le R\u00e9seau Climat &amp; Agriculture ne transmet aucune donn\u00e9e \u00e0 des personnes ou organisations externes. Le R\u00e9seau Climat &amp; Agriculture se r\u00e9serve le droit d\u2019utiliser les coordonn\u00e9es pour des appels de dons futurs sp\u00e9cifiques.<\/p>\n<p>Cartes de cr\u00e9dit<br \/>\nLes informations relatives aux cartes de cr\u00e9dit qui nous sont confi\u00e9es sont trait\u00e9es avec le plus grand soin et transmises sous forme crypt\u00e9e afin de traiter les paiements.<\/p>\n<p>Les informations relatives aux cartes de cr\u00e9dit ne sont pas stock\u00e9es de mani\u00e8re permanente.<\/p>\n<p>Cookies<br \/>\nComme d\u2019habitude aujourd\u2019hui, nous utilisons des cookies dans certains cas. Un cookie est un petit fichier envoy\u00e9 par le serveur web \u00e0 votre navigateur et stock\u00e9 sur votre ordinateur. Les cookies et les techniques similaires sont \u00e9galement utilis\u00e9s pour permettre certaines proc\u00e9dures, services et transactions. Vous pouvez configurer votre navigateur de mani\u00e8re \u00e0 ce qu\u2019un avertissement apparaisse \u00e0 l\u2019\u00e9cran avant l\u2019enregistrement d\u2019un cookie ou que la configuration des cookies soit rendue impossible. Vous pouvez \u00e9galement choisir de vous passer des avantages des cookies personnels. Certains services ne peuvent pas \u00eatre utilis\u00e9s dans ce cas. En utilisant notre site web et en autorisant les cookies dans les param\u00e8tres de votre navigateur, vous donnez votre accord pour l\u2019utilisation de cookies.<\/p>\n<p>Site web<br \/>\nLorsque vous visitez un site web que nous g\u00e9rons, le serveur web enregistre en standard des donn\u00e9es d\u2019utilisation impersonnelles. Ces donn\u00e9es fournissent des informations sur les pages et les fichiers appel\u00e9s, l\u2019adresse IP de l\u2019ordinateur demandeur, l\u2019heure et la dur\u00e9e de la visite, le syst\u00e8me d\u2019exploitation et le type de navigateur. Les visites sur le site web peuvent \u00eatre li\u00e9es \u00e0 des donn\u00e9es personnelles, si de telles donn\u00e9es nous ont \u00e9t\u00e9 fournies. Cela nous permet de mettre en \u00e9vidence des informations pertinentes et cibl\u00e9es.<\/p>\n<p>Adresses mail et newsletter<br \/>\nToute personne qui nous fournit une adresse \u00e9lectronique peut recevoir des informations (telles que des confirmations de paiement, des annonces d\u2019\u00e9v\u00e9nements) par courrier \u00e9lectronique. L\u2019envoi r\u00e9gulier d\u2019informations, en particulier de la newsletter, n\u2019est effectu\u00e9 qu\u2019avec le consentement de la personne int\u00e9ress\u00e9e. Si vous ne souhaitez plus recevoir notre newsletter, vous pouvez vous d\u00e9sabonner facilement et rapidement en utilisant le lien de d\u00e9sabonnement qui figure dans chaque newsletter. Pour la collecte et l\u2019analyse des donn\u00e9es, nous collaborons avec la soci\u00e9t\u00e9 am\u00e9ricaine Mailchimp, dont les serveurs sont situ\u00e9s aux \u00c9tats-Unis. Les donn\u00e9es y sont transport\u00e9es et stock\u00e9es sous forme crypt\u00e9e. De plus amples informations sont disponibles sur le site: https:\/\/mailchimp.com\/about\/security\/<\/p>\n<p>Fonctions et sites des tiers<br \/>\nNous n\u2019avons aucune influence sur les contenus externes auxquels nous faisons r\u00e9f\u00e9rence, ni sur le respect des r\u00e9glementations relatives \u00e0 la protection des donn\u00e9es par les fournisseurs tiers dont les fonctions sont int\u00e9gr\u00e9es \u00e0 nos sites web. \u00c0 cet \u00e9gard, nous souhaitons attirer votre attention en particulier sur les directives de protection des donn\u00e9es des fournisseurs tiers suivants ou de leurs filiales : Facebook Inc., Twitter et Instagram Inc., Mailchimp.<\/p>\n<p>Nos services peuvent contenir des liens vers des sites web tiers. Tout acc\u00e8s ou utilisation de ces sites web tiers n\u2019est pas r\u00e9glement\u00e9 par la pr\u00e9sente politique, mais est r\u00e9glement\u00e9 par les politiques de confidentialit\u00e9 de ces sites web tiers. Nous ne sommes pas responsables des pratiques en mati\u00e8re de protection des donn\u00e9es de ces sites web tiers.<\/p>\n<p>Suppression des informations personnelles<br \/>\nPour supprimer votre profil et toutes les donn\u00e9es qui s\u2019y rapportent, il suffit de nous envoyer un courrier \u00e9lectronique avec l\u2019objet \u201csupprimer toutes les donn\u00e9es\u201d \u00e0 info@klimalandwirtschaft.ch. Nous supprimerons alors toutes les donn\u00e9es que nous d\u00e9tenons.<\/p>\n<p>Consultation des informations personnelles<br \/>\nVous avez le droit de consulter toutes les donn\u00e9es personnelles que nous d\u00e9tenons \u00e0 votre sujet. Il suffit de nous envoyer un e-mail avec pour objet \u201cexporter toutes les donn\u00e9es\u201d \u00e0 info@klimalandwirtschaft.ch. Nous exporterons toutes les informations personnelles que nous d\u00e9tenons sur vous et vous les enverrons en toute s\u00e9curit\u00e9 apr\u00e8s avoir v\u00e9rifi\u00e9 votre identit\u00e9.<\/p>\n<p>Modifications de la pr\u00e9sente politique de confidentialit\u00e9<br \/>\nLe R\u00e9seau Climat &amp; Agriculture se r\u00e9serve le droit de r\u00e9viser, de modifier ou de compl\u00e9ter \u00e0 tout moment les pr\u00e9sentes dispositions relatives \u00e0 la protection des donn\u00e9es. Si des modifications sont apport\u00e9es, Le R\u00e9seau Climat &amp; Agriculture les publiera imm\u00e9diatement sur ce site. L\u2019utilisation de notre site web est consid\u00e9r\u00e9e comme une d\u00e9claration de consentement.<\/p>\n<p>D\u00e9claration de consentement<br \/>\nEn utilisant nos offres susmentionn\u00e9es, vous acceptez l\u2019utilisation des donn\u00e9es collect\u00e9es \u00e0 votre sujet de la mani\u00e8re et aux fins d\u00e9crites. Nous restons \u00e0 votre disposition pour toute question ou information compl\u00e9mentaire sur la politique de protection des donn\u00e9es personnelles : Netzwerk Klima &amp; Landwirtschaft, c\/o Flury &amp; Giuliani, Sonneggstrasse 30, 8006 Z\u00fcrich, info@klimalandwirtschaft.ch.<\/p>\n","protected":false},"excerpt":{"rendered":"<p>La protection de votre vie priv\u00e9e et donc l\u2019utilisation responsable des donn\u00e9es que vous nous fournissez lors de l\u2019inscription \u00e0 des newsletters, de la participation \u00e0 des campagnes \u00e9lectroniques, des campagnes ou par le biais de dons est tr\u00e8s important pour nous. Nous nous engageons \u00e0 prot\u00e9ger les donn\u00e9es collect\u00e9es de la meilleure fa\u00e7on possible. &hellip; <a href=\"https:\/\/www.prixclimat.ch\/fr\/datenschutz\/\">Continued<\/a><\/p>\n","protected":false},"author":1,"featured_media":0,"parent":0,"menu_order":6,"comment_status":"closed","ping_status":"open","template":"","meta":{"_acf_changed":false,"inline_featured_image":false,"footnotes":""},"class_list":["post-328","page","type-page","status-publish","hentry"],"acf":[],"yoast_head":"<!-- This site is optimized with the Yoast SEO plugin v25.9 - https:\/\/yoast.com\/wordpress\/plugins\/seo\/ -->\n<title>Politique de confidentialit\u00e9 - Prix Climat<\/title>\n<meta name=\"robots\" content=\"index, follow, max-snippet:-1, max-image-preview:large, max-video-preview:-1\" \/>\n<link rel=\"canonical\" href=\"https:\/\/www.prixclimat.ch\/fr\/datenschutz\/\" \/>\n<meta property=\"og:locale\" content=\"fr_FR\" \/>\n<meta property=\"og:type\" content=\"article\" \/>\n<meta property=\"og:title\" content=\"Politique de confidentialit\u00e9 - Prix Climat\" \/>\n<meta property=\"og:description\" content=\"La protection de votre vie priv\u00e9e et donc l\u2019utilisation responsable des donn\u00e9es que vous nous fournissez lors de l\u2019inscription \u00e0 des newsletters, de la participation \u00e0 des campagnes \u00e9lectroniques, des campagnes ou par le biais de dons est tr\u00e8s important pour nous. Nous nous engageons \u00e0 prot\u00e9ger les donn\u00e9es collect\u00e9es de la meilleure fa\u00e7on possible. &hellip; Continued\" \/>\n<meta property=\"og:url\" content=\"https:\/\/www.prixclimat.ch\/fr\/datenschutz\/\" \/>\n<meta property=\"og:site_name\" content=\"Prix Climat\" \/>\n<meta property=\"article:modified_time\" content=\"2024-11-14T20:19:18+00:00\" \/>\n<meta name=\"twitter:card\" content=\"summary_large_image\" \/>\n<meta name=\"twitter:label1\" content=\"Dur\u00e9e de lecture estim\u00e9e\" \/>\n\t<meta name=\"twitter:data1\" content=\"6 minutes\" \/>\n<script type=\"application\/ld+json\" class=\"yoast-schema-graph\">{\"@context\":\"https:\/\/schema.org\",\"@graph\":[{\"@type\":\"WebPage\",\"@id\":\"https:\/\/www.prixclimat.ch\/fr\/datenschutz\/\",\"url\":\"https:\/\/www.prixclimat.ch\/fr\/datenschutz\/\",\"name\":\"Politique de confidentialit\u00e9 - Prix Climat\",\"isPartOf\":{\"@id\":\"https:\/\/www.prixclimat.ch\/fr\/#website\"},\"datePublished\":\"2021-09-23T07:20:12+00:00\",\"dateModified\":\"2024-11-14T20:19:18+00:00\",\"breadcrumb\":{\"@id\":\"https:\/\/www.prixclimat.ch\/fr\/datenschutz\/#breadcrumb\"},\"inLanguage\":\"fr-FR\",\"potentialAction\":[{\"@type\":\"ReadAction\",\"target\":[\"https:\/\/www.prixclimat.ch\/fr\/datenschutz\/\"]}]},{\"@type\":\"BreadcrumbList\",\"@id\":\"https:\/\/www.prixclimat.ch\/fr\/datenschutz\/#breadcrumb\",\"itemListElement\":[{\"@type\":\"ListItem\",\"position\":1,\"name\":\"Startseite\",\"item\":\"https:\/\/www.prixclimat.ch\/fr\/\"},{\"@type\":\"ListItem\",\"position\":2,\"name\":\"Politique de confidentialit\u00e9\"}]},{\"@type\":\"WebSite\",\"@id\":\"https:\/\/www.prixclimat.ch\/fr\/#website\",\"url\":\"https:\/\/www.prixclimat.ch\/fr\/\",\"name\":\"Prix Climat\",\"description\":\"\",\"potentialAction\":[{\"@type\":\"SearchAction\",\"target\":{\"@type\":\"EntryPoint\",\"urlTemplate\":\"https:\/\/www.prixclimat.ch\/fr\/?s={search_term_string}\"},\"query-input\":{\"@type\":\"PropertyValueSpecification\",\"valueRequired\":true,\"valueName\":\"search_term_string\"}}],\"inLanguage\":\"fr-FR\"}]}<\/script>\n<!-- \/ Yoast SEO plugin. -->","yoast_head_json":{"title":"Politique de confidentialit\u00e9 - Prix Climat","robots":{"index":"index","follow":"follow","max-snippet":"max-snippet:-1","max-image-preview":"max-image-preview:large","max-video-preview":"max-video-preview:-1"},"canonical":"https:\/\/www.prixclimat.ch\/fr\/datenschutz\/","og_locale":"fr_FR","og_type":"article","og_title":"Politique de confidentialit\u00e9 - Prix Climat","og_description":"La protection de votre vie priv\u00e9e et donc l\u2019utilisation responsable des donn\u00e9es que vous nous fournissez lors de l\u2019inscription \u00e0 des newsletters, de la participation \u00e0 des campagnes \u00e9lectroniques, des campagnes ou par le biais de dons est tr\u00e8s important pour nous. Nous nous engageons \u00e0 prot\u00e9ger les donn\u00e9es collect\u00e9es de la meilleure fa\u00e7on possible. &hellip; Continued","og_url":"https:\/\/www.prixclimat.ch\/fr\/datenschutz\/","og_site_name":"Prix Climat","article_modified_time":"2024-11-14T20:19:18+00:00","twitter_card":"summary_large_image","twitter_misc":{"Dur\u00e9e de lecture estim\u00e9e":"6 minutes"},"schema":{"@context":"https:\/\/schema.org","@graph":[{"@type":"WebPage","@id":"https:\/\/www.prixclimat.ch\/fr\/datenschutz\/","url":"https:\/\/www.prixclimat.ch\/fr\/datenschutz\/","name":"Politique de confidentialit\u00e9 - Prix Climat","isPartOf":{"@id":"https:\/\/www.prixclimat.ch\/fr\/#website"},"datePublished":"2021-09-23T07:20:12+00:00","dateModified":"2024-11-14T20:19:18+00:00","breadcrumb":{"@id":"https:\/\/www.prixclimat.ch\/fr\/datenschutz\/#breadcrumb"},"inLanguage":"fr-FR","potentialAction":[{"@type":"ReadAction","target":["https:\/\/www.prixclimat.ch\/fr\/datenschutz\/"]}]},{"@type":"BreadcrumbList","@id":"https:\/\/www.prixclimat.ch\/fr\/datenschutz\/#breadcrumb","itemListElement":[{"@type":"ListItem","position":1,"name":"Startseite","item":"https:\/\/www.prixclimat.ch\/fr\/"},{"@type":"ListItem","position":2,"name":"Politique de confidentialit\u00e9"}]},{"@type":"WebSite","@id":"https:\/\/www.prixclimat.ch\/fr\/#website","url":"https:\/\/www.prixclimat.ch\/fr\/","name":"Prix Climat","description":"","potentialAction":[{"@type":"SearchAction","target":{"@type":"EntryPoint","urlTemplate":"https:\/\/www.prixclimat.ch\/fr\/?s={search_term_string}"},"query-input":{"@type":"PropertyValueSpecification","valueRequired":true,"valueName":"search_term_string"}}],"inLanguage":"fr-FR"}]}},"_links":{"self":[{"href":"https:\/\/www.prixclimat.ch\/fr\/wp-json\/wp\/v2\/pages\/328","targetHints":{"allow":["GET"]}}],"collection":[{"href":"https:\/\/www.prixclimat.ch\/fr\/wp-json\/wp\/v2\/pages"}],"about":[{"href":"https:\/\/www.prixclimat.ch\/fr\/wp-json\/wp\/v2\/types\/page"}],"author":[{"embeddable":true,"href":"https:\/\/www.prixclimat.ch\/fr\/wp-json\/wp\/v2\/users\/1"}],"replies":[{"embeddable":true,"href":"https:\/\/www.prixclimat.ch\/fr\/wp-json\/wp\/v2\/comments?post=328"}],"version-history":[{"count":6,"href":"https:\/\/www.prixclimat.ch\/fr\/wp-json\/wp\/v2\/pages\/328\/revisions"}],"predecessor-version":[{"id":950,"href":"https:\/\/www.prixclimat.ch\/fr\/wp-json\/wp\/v2\/pages\/328\/revisions\/950"}],"wp:attachment":[{"href":"https:\/\/www.prixclimat.ch\/fr\/wp-json\/wp\/v2\/media?parent=328"}],"curies":[{"name":"wp","href":"https:\/\/api.w.org\/{rel}","templated":true}]}}