{"id":671,"date":"2022-02-28T15:43:31","date_gmt":"2022-02-28T14:43:31","guid":{"rendered":"https:\/\/www.prixclimat.ch\/?page_id=671"},"modified":"2022-03-02T12:33:19","modified_gmt":"2022-03-02T11:33:19","slug":"remises-des-prix-2022","status":"publish","type":"page","link":"https:\/\/www.prixclimat.ch\/fr\/remises-des-prix-2022\/","title":{"rendered":"Remises des prix 2022"},"content":{"rendered":"<div style=\"padding: 56.25% 0 0 0; position: relative;\"><iframe style=\"position: absolute; top: 0; left: 0; width: 100%; height: 100%;\" src=\"https:\/\/player.vimeo.com\/video\/681407945?h=5c058d4147\" frameborder=\"0\" allowfullscreen=\"allowfullscreen\"><\/iframe><\/div>\n<p><iframe loading=\"lazy\" src=\"https:\/\/vimeo.com\/live-chat\/681404172\/\" width=\"100%\" height=\"500x\" frameborder=\"0\"><\/iframe><\/p>\n<p><strong>Bienvenue \u00e0 la c\u00e9r\u00e9monie de remise du Prix Climat 2022. Le livestream d\u00e9butera le jeudi 10 mars 2022 \u00e0 13h45. La manifestation sera anim\u00e9e depuis le Studio Effinger \u00e0 Berne par Alexandra Gavilano (Greenpeace, GT Agriculture Alliance climatique).<\/strong><\/p>\n<p>&nbsp;<\/p>\n<h2>Le programme :<\/h2>\n<ul>\n<li>14:00 Mot de bienvenue et introduction<\/li>\n<li>14:20 Message de bienvenue de Hans Herren, pr\u00e9sident de Biovision<\/li>\n<li>14:30 Br\u00e8ves interventions : Claudio M\u00fcller, Klimafreundliche Landwirtschaft Graub\u00fcnden &amp; Sara Stalder, Fondation pour la protection des consommateurs<\/li>\n<li>15:00 Remise du Prix Climat &amp; Prix du public : Kilian Baumann, Pr\u00e9sident de l&rsquo;Association des petits paysans<\/li>\n<li>16:00 Fin<\/li>\n<\/ul>\n<p>&nbsp;<\/p>\n<h2>Webinaire<\/h2>\n<p>Le matin, trois conf\u00e9rences techniques seront propos\u00e9es (en allemand uniquement).\u00a0Les conf\u00e9rences seront anim\u00e9es par Alex von Hettlingen (protection des consommateurs, GT Agriculture de l&rsquo;Alliance climatique).<\/p>\n<p><a href=\"https:\/\/www.regenerativ.ch\/events-1\/vortrage-im-rahmen-der-prix-climat-verleihung\"><strong>Inscription au webinaire.<\/strong><\/a><br \/>\n<em>Les webinaires auront lieu sur Zoom, le lien te sera envoy\u00e9 avec la confirmation d&rsquo;inscription.<\/em><\/p>\n<p>Programme :<\/p>\n<ul>\n<li>08.45 Arriv\u00e9e<\/li>\n<li>09:00 Salutations et informations<\/li>\n<li>09:05 Adrian Rubi : Expos\u00e9 \u00ab\u00a0Le r\u00e9seau alimentaire du sol et le m\u00e9tabolisme commun des plantes et de la vie du sol\u00a0\u00bb.<\/li>\n<li>10:00 Friedrich Wenz : Efficacit\u00e9 maximale des \u00e9l\u00e9ments nutritifs et am\u00e9lioration simultan\u00e9e de la fertilit\u00e9 du sol<\/li>\n<li>11:00 Dario Principi : Comment se lancer dans l&rsquo;agriculture respectueuse du climat ? Analyse du terrain et planification avec les outils de la permaculture<\/li>\n<\/ul>\n<p><a href=\"https:\/\/www.prixclimat.ch\/wp-content\/uploads\/2022\/03\/Prix-Climat_La-remise-des-prix-2022.pdf\"><strong>T\u00e9l\u00e9charger le programme<\/strong><\/a><\/p>\n","protected":false},"excerpt":{"rendered":"<p>Bienvenue \u00e0 la c\u00e9r\u00e9monie de remise du Prix Climat 2022. Le livestream d\u00e9butera le jeudi 10 mars 2022 \u00e0 13h45. La manifestation sera anim\u00e9e depuis le Studio Effinger \u00e0 Berne par Alexandra Gavilano (Greenpeace, GT Agriculture Alliance climatique). &nbsp; Le programme : 14:00 Mot de bienvenue et introduction 14:20 Message de bienvenue de Hans Herren, &hellip; <a href=\"https:\/\/www.prixclimat.ch\/fr\/remises-des-prix-2022\/\">Continued<\/a><\/p>\n","protected":false},"author":3,"featured_media":0,"parent":0,"menu_order":0,"comment_status":"closed","ping_status":"closed","template":"","meta":{"_acf_changed":false,"inline_featured_image":false,"footnotes":""},"class_list":["post-671","page","type-page","status-publish","hentry"],"acf":[],"yoast_head":"<!-- This site is optimized with the Yoast SEO plugin v25.9 - https:\/\/yoast.com\/wordpress\/plugins\/seo\/ -->\n<title>Remises des prix 2022 - Prix Climat<\/title>\n<meta name=\"robots\" content=\"index, follow, max-snippet:-1, max-image-preview:large, max-video-preview:-1\" \/>\n<link rel=\"canonical\" href=\"https:\/\/www.prixclimat.ch\/fr\/remises-des-prix-2022\/\" \/>\n<meta property=\"og:locale\" content=\"fr_FR\" \/>\n<meta property=\"og:type\" content=\"article\" \/>\n<meta property=\"og:title\" content=\"Remises des prix 2022 - Prix Climat\" \/>\n<meta property=\"og:description\" content=\"Bienvenue \u00e0 la c\u00e9r\u00e9monie de remise du Prix Climat 2022. Le livestream d\u00e9butera le jeudi 10 mars 2022 \u00e0 13h45. La manifestation sera anim\u00e9e depuis le Studio Effinger \u00e0 Berne par Alexandra Gavilano (Greenpeace, GT Agriculture Alliance climatique). &nbsp; Le programme : 14:00 Mot de bienvenue et introduction 14:20 Message de bienvenue de Hans Herren, &hellip; Continued\" \/>\n<meta property=\"og:url\" content=\"https:\/\/www.prixclimat.ch\/fr\/remises-des-prix-2022\/\" \/>\n<meta property=\"og:site_name\" content=\"Prix Climat\" \/>\n<meta property=\"article:modified_time\" content=\"2022-03-02T11:33:19+00:00\" \/>\n<meta name=\"twitter:card\" content=\"summary_large_image\" \/>\n<meta name=\"twitter:label1\" content=\"Dur\u00e9e de lecture estim\u00e9e\" \/>\n\t<meta name=\"twitter:data1\" content=\"2 minutes\" \/>\n<script type=\"application\/ld+json\" class=\"yoast-schema-graph\">{\"@context\":\"https:\/\/schema.org\",\"@graph\":[{\"@type\":\"WebPage\",\"@id\":\"https:\/\/www.prixclimat.ch\/fr\/remises-des-prix-2022\/\",\"url\":\"https:\/\/www.prixclimat.ch\/fr\/remises-des-prix-2022\/\",\"name\":\"Remises des prix 2022 - Prix Climat\",\"isPartOf\":{\"@id\":\"https:\/\/www.prixclimat.ch\/fr\/#website\"},\"datePublished\":\"2022-02-28T14:43:31+00:00\",\"dateModified\":\"2022-03-02T11:33:19+00:00\",\"breadcrumb\":{\"@id\":\"https:\/\/www.prixclimat.ch\/fr\/remises-des-prix-2022\/#breadcrumb\"},\"inLanguage\":\"fr-FR\",\"potentialAction\":[{\"@type\":\"ReadAction\",\"target\":[\"https:\/\/www.prixclimat.ch\/fr\/remises-des-prix-2022\/\"]}]},{\"@type\":\"BreadcrumbList\",\"@id\":\"https:\/\/www.prixclimat.ch\/fr\/remises-des-prix-2022\/#breadcrumb\",\"itemListElement\":[{\"@type\":\"ListItem\",\"position\":1,\"name\":\"Startseite\",\"item\":\"https:\/\/www.prixclimat.ch\/fr\/\"},{\"@type\":\"ListItem\",\"position\":2,\"name\":\"Remises des prix 2022\"}]},{\"@type\":\"WebSite\",\"@id\":\"https:\/\/www.prixclimat.ch\/fr\/#website\",\"url\":\"https:\/\/www.prixclimat.ch\/fr\/\",\"name\":\"Prix Climat\",\"description\":\"\",\"potentialAction\":[{\"@type\":\"SearchAction\",\"target\":{\"@type\":\"EntryPoint\",\"urlTemplate\":\"https:\/\/www.prixclimat.ch\/fr\/?s={search_term_string}\"},\"query-input\":{\"@type\":\"PropertyValueSpecification\",\"valueRequired\":true,\"valueName\":\"search_term_string\"}}],\"inLanguage\":\"fr-FR\"}]}<\/script>\n<!-- \/ Yoast SEO plugin. -->","yoast_head_json":{"title":"Remises des prix 2022 - Prix Climat","robots":{"index":"index","follow":"follow","max-snippet":"max-snippet:-1","max-image-preview":"max-image-preview:large","max-video-preview":"max-video-preview:-1"},"canonical":"https:\/\/www.prixclimat.ch\/fr\/remises-des-prix-2022\/","og_locale":"fr_FR","og_type":"article","og_title":"Remises des prix 2022 - Prix Climat","og_description":"Bienvenue \u00e0 la c\u00e9r\u00e9monie de remise du Prix Climat 2022. Le livestream d\u00e9butera le jeudi 10 mars 2022 \u00e0 13h45. La manifestation sera anim\u00e9e depuis le Studio Effinger \u00e0 Berne par Alexandra Gavilano (Greenpeace, GT Agriculture Alliance climatique). &nbsp; Le programme : 14:00 Mot de bienvenue et introduction 14:20 Message de bienvenue de Hans Herren, &hellip; Continued","og_url":"https:\/\/www.prixclimat.ch\/fr\/remises-des-prix-2022\/","og_site_name":"Prix Climat","article_modified_time":"2022-03-02T11:33:19+00:00","twitter_card":"summary_large_image","twitter_misc":{"Dur\u00e9e de lecture estim\u00e9e":"2 minutes"},"schema":{"@context":"https:\/\/schema.org","@graph":[{"@type":"WebPage","@id":"https:\/\/www.prixclimat.ch\/fr\/remises-des-prix-2022\/","url":"https:\/\/www.prixclimat.ch\/fr\/remises-des-prix-2022\/","name":"Remises des prix 2022 - Prix Climat","isPartOf":{"@id":"https:\/\/www.prixclimat.ch\/fr\/#website"},"datePublished":"2022-02-28T14:43:31+00:00","dateModified":"2022-03-02T11:33:19+00:00","breadcrumb":{"@id":"https:\/\/www.prixclimat.ch\/fr\/remises-des-prix-2022\/#breadcrumb"},"inLanguage":"fr-FR","potentialAction":[{"@type":"ReadAction","target":["https:\/\/www.prixclimat.ch\/fr\/remises-des-prix-2022\/"]}]},{"@type":"BreadcrumbList","@id":"https:\/\/www.prixclimat.ch\/fr\/remises-des-prix-2022\/#breadcrumb","itemListElement":[{"@type":"ListItem","position":1,"name":"Startseite","item":"https:\/\/www.prixclimat.ch\/fr\/"},{"@type":"ListItem","position":2,"name":"Remises des prix 2022"}]},{"@type":"WebSite","@id":"https:\/\/www.prixclimat.ch\/fr\/#website","url":"https:\/\/www.prixclimat.ch\/fr\/","name":"Prix Climat","description":"","potentialAction":[{"@type":"SearchAction","target":{"@type":"EntryPoint","urlTemplate":"https:\/\/www.prixclimat.ch\/fr\/?s={search_term_string}"},"query-input":{"@type":"PropertyValueSpecification","valueRequired":true,"valueName":"search_term_string"}}],"inLanguage":"fr-FR"}]}},"_links":{"self":[{"href":"https:\/\/www.prixclimat.ch\/fr\/wp-json\/wp\/v2\/pages\/671","targetHints":{"allow":["GET"]}}],"collection":[{"href":"https:\/\/www.prixclimat.ch\/fr\/wp-json\/wp\/v2\/pages"}],"about":[{"href":"https:\/\/www.prixclimat.ch\/fr\/wp-json\/wp\/v2\/types\/page"}],"author":[{"embeddable":true,"href":"https:\/\/www.prixclimat.ch\/fr\/wp-json\/wp\/v2\/users\/3"}],"replies":[{"embeddable":true,"href":"https:\/\/www.prixclimat.ch\/fr\/wp-json\/wp\/v2\/comments?post=671"}],"version-history":[{"count":13,"href":"https:\/\/www.prixclimat.ch\/fr\/wp-json\/wp\/v2\/pages\/671\/revisions"}],"predecessor-version":[{"id":726,"href":"https:\/\/www.prixclimat.ch\/fr\/wp-json\/wp\/v2\/pages\/671\/revisions\/726"}],"wp:attachment":[{"href":"https:\/\/www.prixclimat.ch\/fr\/wp-json\/wp\/v2\/media?parent=671"}],"curies":[{"name":"wp","href":"https:\/\/api.w.org\/{rel}","templated":true}]}}